{"id":709,"date":"2020-04-13T11:18:54","date_gmt":"2020-04-13T11:18:54","guid":{"rendered":"http:\/\/pasflorystyczny.pl\/index.php\/home\/"},"modified":"2023-03-13T13:05:35","modified_gmt":"2023-03-13T12:05:35","slug":"home","status":"publish","type":"page","link":"https:\/\/pasflorystyczny.pl\/","title":{"rendered":"Home"},"content":{"rendered":"\t\t<div data-elementor-type=\"wp-page\" data-elementor-id=\"709\" class=\"elementor elementor-709\" data-elementor-settings=\"[]\">\n\t\t\t\t\t\t\t<div class=\"elementor-section-wrap\">\n\t\t\t\t\t\t\t<section class=\"elementor-section elementor-top-section elementor-element elementor-element-5939a86c elementor-section-height-min-height elementor-section-boxed elementor-section-height-default elementor-section-items-middle\" data-id=\"5939a86c\" data-element_type=\"section\" data-settings=\"{&quot;background_background&quot;:&quot;slideshow&quot;,&quot;background_slideshow_gallery&quot;:[{&quot;id&quot;:726,&quot;url&quot;:&quot;http:\\\/\\\/pasflorystyczny.pl\\\/wp-content\\\/uploads\\\/2021\\\/03\\\/IMG_8851-scaled.jpg&quot;},{&quot;id&quot;:722,&quot;url&quot;:&quot;http:\\\/\\\/pasflorystyczny.pl\\\/wp-content\\\/uploads\\\/2021\\\/03\\\/2K1A0726-scaled.jpg&quot;},{&quot;id&quot;:724,&quot;url&quot;:&quot;http:\\\/\\\/pasflorystyczny.pl\\\/wp-content\\\/uploads\\\/2021\\\/03\\\/2K1A1132-2-scaled.jpg&quot;},{&quot;id&quot;:721,&quot;url&quot;:&quot;http:\\\/\\\/pasflorystyczny.pl\\\/wp-content\\\/uploads\\\/2021\\\/03\\\/IMG_8866-Copy-scaled.jpg&quot;},{&quot;id&quot;:727,&quot;url&quot;:&quot;http:\\\/\\\/pasflorystyczny.pl\\\/wp-content\\\/uploads\\\/2021\\\/03\\\/2-scaled.jpg&quot;}],&quot;background_slideshow_transition_duration&quot;:2000,&quot;background_slideshow_ken_burns&quot;:&quot;yes&quot;,&quot;background_slideshow_ken_burns_zoom_direction&quot;:&quot;out&quot;,&quot;background_slideshow_loop&quot;:&quot;yes&quot;,&quot;background_slideshow_slide_duration&quot;:5000,&quot;background_slideshow_slide_transition&quot;:&quot;fade&quot;}\">\n\t\t\t\t\t\t\t<div class=\"elementor-background-overlay\"><\/div>\n\t\t\t\t\t\t\t<div class=\"elementor-container elementor-column-gap-no\">\n\t\t\t\t\t<div class=\"elementor-column elementor-col-100 elementor-top-column elementor-element elementor-element-6180b3d\" data-id=\"6180b3d\" data-element_type=\"column\">\n\t\t\t<div class=\"elementor-widget-wrap elementor-element-populated\">\n\t\t\t\t\t\t\t\t<div class=\"elementor-element elementor-element-9d79fed animated-slow elementor-invisible elementor-widget elementor-widget-heading\" data-id=\"9d79fed\" data-element_type=\"widget\" data-settings=\"{&quot;_animation&quot;:&quot;fadeIn&quot;,&quot;_animation_delay&quot;:300}\" data-widget_type=\"heading.default\">\n\t\t\t\t<div class=\"elementor-widget-container\">\n\t\t\t<h2 class=\"elementor-heading-title elementor-size-default\">Tw\u00f3j wyj\u0105tkowy pas...<\/h2>\t\t<\/div>\n\t\t\t\t<\/div>\n\t\t\t\t<div class=\"elementor-element elementor-element-f683297 animated-slow elementor-invisible elementor-widget elementor-widget-heading\" data-id=\"f683297\" data-element_type=\"widget\" data-settings=\"{&quot;_animation&quot;:&quot;fadeIn&quot;,&quot;_animation_delay&quot;:300}\" data-widget_type=\"heading.default\">\n\t\t\t\t<div class=\"elementor-widget-container\">\n\t\t\t<h2 class=\"elementor-heading-title elementor-size-default\"><span style=\"font-size: 16px; letter-spacing: normal; text-transform: none; white-space: normal;\">Personalizowane, r\u0119cznie przygotowywane pasy florystyczne i pasy narz\u0119dziowe<\/span><\/h2>\t\t<\/div>\n\t\t\t\t<\/div>\n\t\t\t\t\t<\/div>\n\t\t<\/div>\n\t\t\t\t\t\t\t<\/div>\n\t\t<\/section>\n\t\t\t\t<section class=\"elementor-section elementor-top-section elementor-element elementor-element-56b304f elementor-section-boxed elementor-section-height-default elementor-section-height-default\" data-id=\"56b304f\" data-element_type=\"section\" data-settings=\"{&quot;background_background&quot;:&quot;classic&quot;}\">\n\t\t\t\t\t\t\t<div class=\"elementor-background-overlay\"><\/div>\n\t\t\t\t\t\t\t<div class=\"elementor-container elementor-column-gap-no\">\n\t\t\t\t\t<div class=\"elementor-column elementor-col-100 elementor-top-column elementor-element elementor-element-5efc574\" data-id=\"5efc574\" data-element_type=\"column\">\n\t\t\t<div class=\"elementor-widget-wrap elementor-element-populated\">\n\t\t\t\t\t\t\t\t<div class=\"elementor-element elementor-element-39e71a6 elementor-widget elementor-widget-heading\" data-id=\"39e71a6\" data-element_type=\"widget\" data-widget_type=\"heading.default\">\n\t\t\t\t<div class=\"elementor-widget-container\">\n\t\t\t<h2 class=\"elementor-heading-title elementor-size-default\">Witaj! <\/h2>\t\t<\/div>\n\t\t\t\t<\/div>\n\t\t\t\t<div class=\"elementor-element elementor-element-5e6a7e7 elementor-widget elementor-widget-text-editor\" data-id=\"5e6a7e7\" data-element_type=\"widget\" data-widget_type=\"text-editor.default\">\n\t\t\t\t<div class=\"elementor-widget-container\">\n\t\t\t\t\t\t\t<p>Je\u015bli poszukujesz pasa narz\u0119dziowego, kt\u00f3ry pozwoli Ci cieszy\u0107 si\u0119 Twoj\u0105 prac\u0105 i pasj\u0105 jeszcze bardziej ni\u017c dotychczas, to nie mog\u0142e\u015b trafi\u0107 lepiej!<\/p>\t\t\t\t\t\t<\/div>\n\t\t\t\t<\/div>\n\t\t\t\t<section class=\"elementor-section elementor-inner-section elementor-element elementor-element-e103f1d elementor-section-boxed elementor-section-height-default elementor-section-height-default\" data-id=\"e103f1d\" data-element_type=\"section\">\n\t\t\t\t\t\t<div class=\"elementor-container elementor-column-gap-default\">\n\t\t\t\t\t<div class=\"elementor-column elementor-col-50 elementor-inner-column elementor-element elementor-element-3bfe3e6\" data-id=\"3bfe3e6\" data-element_type=\"column\">\n\t\t\t<div class=\"elementor-widget-wrap elementor-element-populated\">\n\t\t\t\t\t\t\t\t<div class=\"elementor-element elementor-element-c47361f elementor-widget elementor-widget-heading\" data-id=\"c47361f\" data-element_type=\"widget\" data-widget_type=\"heading.default\">\n\t\t\t\t<div class=\"elementor-widget-container\">\n\t\t\t<h2 class=\"elementor-heading-title elementor-size-default\">JAKO\u015a\u0106<\/h2>\t\t<\/div>\n\t\t\t\t<\/div>\n\t\t\t\t\t<\/div>\n\t\t<\/div>\n\t\t\t\t<div class=\"elementor-column elementor-col-50 elementor-inner-column elementor-element elementor-element-80b2d8b\" data-id=\"80b2d8b\" data-element_type=\"column\">\n\t\t\t<div class=\"elementor-widget-wrap elementor-element-populated\">\n\t\t\t\t\t\t\t\t<div class=\"elementor-element elementor-element-6230fb7 elementor-widget elementor-widget-text-editor\" data-id=\"6230fb7\" data-element_type=\"widget\" data-widget_type=\"text-editor.default\">\n\t\t\t\t<div class=\"elementor-widget-container\">\n\t\t\t\t\t\t\t<p>To g\u0142\u00f3wna cecha, kt\u00f3ra wyr\u00f3\u017cnia pasy mojej produkcji.\u00a0<\/p><p>S\u0105 one produkowane wy\u0142\u0105cznie z najlepszej jako\u015bci, selekcjonowanej sk\u00f3ry naturalnej garbowanej ro\u015blinnie.\u00a0<\/p><p>Nie daj si\u0119 nabra\u0107 na &#8222;szmaciane&#8221; pasy!\u00a0<\/p>\t\t\t\t\t\t<\/div>\n\t\t\t\t<\/div>\n\t\t\t\t\t<\/div>\n\t\t<\/div>\n\t\t\t\t\t\t\t<\/div>\n\t\t<\/section>\n\t\t\t\t<div class=\"elementor-element elementor-element-41930db elementor-widget-divider--view-line elementor-widget elementor-widget-divider\" data-id=\"41930db\" data-element_type=\"widget\" data-widget_type=\"divider.default\">\n\t\t\t\t<div class=\"elementor-widget-container\">\n\t\t\t\t\t<div class=\"elementor-divider\">\n\t\t\t<span class=\"elementor-divider-separator\">\n\t\t\t\t\t\t<\/span>\n\t\t<\/div>\n\t\t\t\t<\/div>\n\t\t\t\t<\/div>\n\t\t\t\t<section class=\"elementor-section elementor-inner-section elementor-element elementor-element-c81fc9b elementor-section-boxed elementor-section-height-default elementor-section-height-default\" data-id=\"c81fc9b\" data-element_type=\"section\">\n\t\t\t\t\t\t<div class=\"elementor-container elementor-column-gap-default\">\n\t\t\t\t\t<div class=\"elementor-column elementor-col-50 elementor-inner-column elementor-element elementor-element-75ee9d9\" data-id=\"75ee9d9\" data-element_type=\"column\">\n\t\t\t<div class=\"elementor-widget-wrap elementor-element-populated\">\n\t\t\t\t\t\t\t\t<div class=\"elementor-element elementor-element-a6f1183 elementor-widget elementor-widget-heading\" data-id=\"a6f1183\" data-element_type=\"widget\" data-widget_type=\"heading.default\">\n\t\t\t\t<div class=\"elementor-widget-container\">\n\t\t\t<h2 class=\"elementor-heading-title elementor-size-default\">uNIKATOWO\u015a\u0106<\/h2>\t\t<\/div>\n\t\t\t\t<\/div>\n\t\t\t\t\t<\/div>\n\t\t<\/div>\n\t\t\t\t<div class=\"elementor-column elementor-col-50 elementor-inner-column elementor-element elementor-element-5b8fe51\" data-id=\"5b8fe51\" data-element_type=\"column\">\n\t\t\t<div class=\"elementor-widget-wrap elementor-element-populated\">\n\t\t\t\t\t\t\t\t<div class=\"elementor-element elementor-element-4ea9c76 elementor-widget elementor-widget-text-editor\" data-id=\"4ea9c76\" data-element_type=\"widget\" data-widget_type=\"text-editor.default\">\n\t\t\t\t<div class=\"elementor-widget-container\">\n\t\t\t\t\t\t\t<p>Ka\u017cdy pas jest przygotowywany r\u0119cznie, wed\u0142ug Twoich wytycznych.\u00a0<\/p><p>Ka\u017cdy element jest wycinany ze sk\u00f3rzanych b\u0142am\u00f3w r\u0119cznie, jest r\u0119cznie barwiony, r\u0119cznie przygotowywany, a na koniec szyty&#8230; R\u00f3wnie\u017c r\u0119cznie. Ka\u017cdy pas jest ca\u0142kowicie unikatowy.\u00a0<\/p><p>A je\u015bli doliczy\u0107 do tego opcje personalizacji wizualnej&#8230;<\/p>\t\t\t\t\t\t<\/div>\n\t\t\t\t<\/div>\n\t\t\t\t\t<\/div>\n\t\t<\/div>\n\t\t\t\t\t\t\t<\/div>\n\t\t<\/section>\n\t\t\t\t<div class=\"elementor-element elementor-element-3887c9f elementor-widget-divider--view-line elementor-widget elementor-widget-divider\" data-id=\"3887c9f\" data-element_type=\"widget\" data-widget_type=\"divider.default\">\n\t\t\t\t<div class=\"elementor-widget-container\">\n\t\t\t\t\t<div class=\"elementor-divider\">\n\t\t\t<span class=\"elementor-divider-separator\">\n\t\t\t\t\t\t<\/span>\n\t\t<\/div>\n\t\t\t\t<\/div>\n\t\t\t\t<\/div>\n\t\t\t\t<section class=\"elementor-section elementor-inner-section elementor-element elementor-element-a8c4496 elementor-section-boxed elementor-section-height-default elementor-section-height-default\" data-id=\"a8c4496\" data-element_type=\"section\">\n\t\t\t\t\t\t<div class=\"elementor-container elementor-column-gap-default\">\n\t\t\t\t\t<div class=\"elementor-column elementor-col-50 elementor-inner-column elementor-element elementor-element-5ab4188\" data-id=\"5ab4188\" data-element_type=\"column\">\n\t\t\t<div class=\"elementor-widget-wrap elementor-element-populated\">\n\t\t\t\t\t\t\t\t<div class=\"elementor-element elementor-element-5b86b75 elementor-widget elementor-widget-heading\" data-id=\"5b86b75\" data-element_type=\"widget\" data-widget_type=\"heading.default\">\n\t\t\t\t<div class=\"elementor-widget-container\">\n\t\t\t<h2 class=\"elementor-heading-title elementor-size-default\">TRWA\u0141O\u015a\u0106<\/h2>\t\t<\/div>\n\t\t\t\t<\/div>\n\t\t\t\t\t<\/div>\n\t\t<\/div>\n\t\t\t\t<div class=\"elementor-column elementor-col-50 elementor-inner-column elementor-element elementor-element-36d2226\" data-id=\"36d2226\" data-element_type=\"column\">\n\t\t\t<div class=\"elementor-widget-wrap elementor-element-populated\">\n\t\t\t\t\t\t\t\t<div class=\"elementor-element elementor-element-aaefd38 elementor-widget elementor-widget-text-editor\" data-id=\"aaefd38\" data-element_type=\"widget\" data-widget_type=\"text-editor.default\">\n\t\t\t\t<div class=\"elementor-widget-container\">\n\t\t\t\t\t\t\t<p>Sk\u00f3ra bydl\u0119ca garbowana ro\u015blinnie to jeden z najtrwalszych materia\u0142\u00f3w jakie otrzymali\u015bmy od natury.\u00a0<\/p><p>Pas, kt\u00f3ry stanie si\u0119 Twoim najlepszym przyjacielem w pracy, pos\u0142u\u017cy Ci przez d\u0142ugie lata.<\/p><p>Raz, a porz\u0105dnie!<\/p>\t\t\t\t\t\t<\/div>\n\t\t\t\t<\/div>\n\t\t\t\t\t<\/div>\n\t\t<\/div>\n\t\t\t\t\t\t\t<\/div>\n\t\t<\/section>\n\t\t\t\t\t<\/div>\n\t\t<\/div>\n\t\t\t\t\t\t\t<\/div>\n\t\t<\/section>\n\t\t\t\t<section class=\"elementor-section elementor-top-section elementor-element elementor-element-4076731b elementor-section-boxed elementor-section-height-default elementor-section-height-default\" data-id=\"4076731b\" data-element_type=\"section\" data-settings=\"{&quot;background_background&quot;:&quot;classic&quot;}\">\n\t\t\t\t\t\t\t<div class=\"elementor-background-overlay\"><\/div>\n\t\t\t\t\t\t\t<div class=\"elementor-container elementor-column-gap-no\">\n\t\t\t\t\t<div class=\"elementor-column elementor-col-100 elementor-top-column elementor-element elementor-element-7940ca75\" data-id=\"7940ca75\" data-element_type=\"column\">\n\t\t\t<div class=\"elementor-widget-wrap elementor-element-populated\">\n\t\t\t\t\t\t\t\t<div class=\"elementor-element elementor-element-8eb0793 elementor-widget elementor-widget-heading\" data-id=\"8eb0793\" data-element_type=\"widget\" data-widget_type=\"heading.default\">\n\t\t\t\t<div class=\"elementor-widget-container\">\n\t\t\t<h2 class=\"elementor-heading-title elementor-size-default\">Nie zwlekaj!<\/h2>\t\t<\/div>\n\t\t\t\t<\/div>\n\t\t\t\t<div class=\"elementor-element elementor-element-c7eec9d elementor-widget elementor-widget-text-editor\" data-id=\"c7eec9d\" data-element_type=\"widget\" data-widget_type=\"text-editor.default\">\n\t\t\t\t<div class=\"elementor-widget-container\">\n\t\t\t\t\t\t\t<p>Skontaktuj si\u0119 ze mn\u0105 ju\u017c dzi\u015b!<\/p><p><span style=\"font-style: inherit; font-weight: inherit;\">Z najwi\u0119ksz\u0105 przyjemno\u015bci\u0105 przygotuj\u0119 pas specjalnie dla Ciebie<\/span><\/p>\t\t\t\t\t\t<\/div>\n\t\t\t\t<\/div>\n\t\t\t\t<div class=\"elementor-element elementor-element-1ad749e1 elementor-align-center elementor-widget elementor-widget-button\" data-id=\"1ad749e1\" data-element_type=\"widget\" data-widget_type=\"button.default\">\n\t\t\t\t<div class=\"elementor-widget-container\">\n\t\t\t\t\t<div class=\"elementor-button-wrapper\">\n\t\t\t<a href=\"https:\/\/www.facebook.com\/Pasflorystycznypl-555441838708204\" class=\"elementor-button-link elementor-button elementor-size-lg\" role=\"button\">\n\t\t\t\t\t\t<span class=\"elementor-button-content-wrapper\">\n\t\t\t\t\t\t<span class=\"elementor-button-icon elementor-align-icon-right\">\n\t\t\t\t<i aria-hidden=\"true\" class=\"fab fa-facebook-messenger\"><\/i>\t\t\t<\/span>\n\t\t\t\t\t\t<span class=\"elementor-button-text\">  WY\u015aLIJ WIADOMO\u015a\u0106  <\/span>\n\t\t<\/span>\n\t\t\t\t\t<\/a>\n\t\t<\/div>\n\t\t\t\t<\/div>\n\t\t\t\t<\/div>\n\t\t\t\t\t<\/div>\n\t\t<\/div>\n\t\t\t\t\t\t\t<\/div>\n\t\t<\/section>\n\t\t\t\t<section class=\"elementor-section elementor-top-section elementor-element elementor-element-1f7c578e elementor-section-content-middle elementor-section-boxed elementor-section-height-default elementor-section-height-default\" data-id=\"1f7c578e\" data-element_type=\"section\" data-settings=\"{&quot;background_background&quot;:&quot;classic&quot;}\">\n\t\t\t\t\t\t<div class=\"elementor-container elementor-column-gap-no\">\n\t\t\t\t\t<div class=\"elementor-column elementor-col-100 elementor-top-column elementor-element elementor-element-3e507249\" data-id=\"3e507249\" data-element_type=\"column\">\n\t\t\t<div class=\"elementor-widget-wrap elementor-element-populated\">\n\t\t\t\t\t\t\t\t<div class=\"elementor-element elementor-element-58af469b elementor-widget elementor-widget-heading\" data-id=\"58af469b\" data-element_type=\"widget\" data-widget_type=\"heading.default\">\n\t\t\t\t<div class=\"elementor-widget-container\">\n\t\t\t<h1 class=\"elementor-heading-title elementor-size-default\">FAQ<\/h1>\t\t<\/div>\n\t\t\t\t<\/div>\n\t\t\t\t<div class=\"elementor-element elementor-element-38dedf86 elementor-widget elementor-widget-heading\" data-id=\"38dedf86\" data-element_type=\"widget\" data-widget_type=\"heading.default\">\n\t\t\t\t<div class=\"elementor-widget-container\">\n\t\t\t<h5 class=\"elementor-heading-title elementor-size-default\">Najcz\u0119\u015bciej zadawane pytania<\/h5>\t\t<\/div>\n\t\t\t\t<\/div>\n\t\t\t\t<div class=\"elementor-element elementor-element-4c5c02ce elementor-widget elementor-widget-toggle\" data-id=\"4c5c02ce\" data-element_type=\"widget\" data-widget_type=\"toggle.default\">\n\t\t\t\t<div class=\"elementor-widget-container\">\n\t\t\t\t\t<div class=\"elementor-toggle\" role=\"tablist\">\n\t\t\t\t\t\t\t<div class=\"elementor-toggle-item\">\n\t\t\t\t\t<div id=\"elementor-tab-title-1281\" class=\"elementor-tab-title\" data-tab=\"1\" role=\"tab\" aria-controls=\"elementor-tab-content-1281\" aria-expanded=\"false\">\n\t\t\t\t\t\t\t\t\t\t\t\t<span class=\"elementor-toggle-icon elementor-toggle-icon-right\" aria-hidden=\"true\">\n\t\t\t\t\t\t\t\t\t\t\t\t\t\t\t<span class=\"elementor-toggle-icon-closed\"><i class=\"fas fa-caret-right\"><\/i><\/span>\n\t\t\t\t\t\t\t\t<span class=\"elementor-toggle-icon-opened\"><i class=\"elementor-toggle-icon-opened fas fa-caret-up\"><\/i><\/span>\n\t\t\t\t\t\t\t\t\t\t\t\t\t<\/span>\n\t\t\t\t\t\t\t\t\t\t\t\t<a href=\"\" class=\"elementor-toggle-title\">Ile kosztuje pas?<\/a>\n\t\t\t\t\t<\/div>\n\n\t\t\t\t\t<div id=\"elementor-tab-content-1281\" class=\"elementor-tab-content elementor-clearfix\" data-tab=\"1\" role=\"tabpanel\" aria-labelledby=\"elementor-tab-title-1281\"><p>Przygotowanie pasa florystycznego w standardowej wersji lub wersji Lily w roku 2023 to koszt 600 z\u0142 plus wysy\u0142ka (18 z\u0142). Dzi\u0119ki temu, \u017ce ka\u017cdy pas przygotowywany jest indywidualnie i r\u0119cznie, nie ma problemu z modyfikacj\u0105 standardowego wzoru i personalizacj\u0105. Sk\u00f3ra naturalna to bardzo wdzi\u0119czny materia\u0142, z kt\u00f3rego mo\u017cna stworzy\u0107 prawdziwe dzie\u0142a sztuki. Pasy modyfikowane wyceniane s\u0105 indywidualnie po ustaleniu projektu.&nbsp;<\/p><\/div>\n\t\t\t\t<\/div>\n\t\t\t\t\t\t\t<div class=\"elementor-toggle-item\">\n\t\t\t\t\t<div id=\"elementor-tab-title-1282\" class=\"elementor-tab-title\" data-tab=\"2\" role=\"tab\" aria-controls=\"elementor-tab-content-1282\" aria-expanded=\"false\">\n\t\t\t\t\t\t\t\t\t\t\t\t<span class=\"elementor-toggle-icon elementor-toggle-icon-right\" aria-hidden=\"true\">\n\t\t\t\t\t\t\t\t\t\t\t\t\t\t\t<span class=\"elementor-toggle-icon-closed\"><i class=\"fas fa-caret-right\"><\/i><\/span>\n\t\t\t\t\t\t\t\t<span class=\"elementor-toggle-icon-opened\"><i class=\"elementor-toggle-icon-opened fas fa-caret-up\"><\/i><\/span>\n\t\t\t\t\t\t\t\t\t\t\t\t\t<\/span>\n\t\t\t\t\t\t\t\t\t\t\t\t<a href=\"\" class=\"elementor-toggle-title\">Jak d\u0142ugo musz\u0119 czeka\u0107 na przesy\u0142k\u0119?<\/a>\n\t\t\t\t\t<\/div>\n\n\t\t\t\t\t<div id=\"elementor-tab-content-1282\" class=\"elementor-tab-content elementor-clearfix\" data-tab=\"2\" role=\"tabpanel\" aria-labelledby=\"elementor-tab-title-1282\"><p>Pami\u0119taj, \u017ce pasy przygotowuj\u0119 sam, dbaj\u0105c o najmniejszy szczeg\u00f3\u0142. Na pas b\u0119dziesz musia\u0142 poczeka\u0107 oko\u0142o dw\u00f3ch tygodni od dnia z\u0142o\u017cenia zam\u00f3wienia. Czas ten mo\u017ce ulec zmianie w zale\u017cno\u015bci od ilo\u015bci zam\u00f3wie\u0144.<\/p><\/div>\n\t\t\t\t<\/div>\n\t\t\t\t\t\t\t<div class=\"elementor-toggle-item\">\n\t\t\t\t\t<div id=\"elementor-tab-title-1283\" class=\"elementor-tab-title\" data-tab=\"3\" role=\"tab\" aria-controls=\"elementor-tab-content-1283\" aria-expanded=\"false\">\n\t\t\t\t\t\t\t\t\t\t\t\t<span class=\"elementor-toggle-icon elementor-toggle-icon-right\" aria-hidden=\"true\">\n\t\t\t\t\t\t\t\t\t\t\t\t\t\t\t<span class=\"elementor-toggle-icon-closed\"><i class=\"fas fa-caret-right\"><\/i><\/span>\n\t\t\t\t\t\t\t\t<span class=\"elementor-toggle-icon-opened\"><i class=\"elementor-toggle-icon-opened fas fa-caret-up\"><\/i><\/span>\n\t\t\t\t\t\t\t\t\t\t\t\t\t<\/span>\n\t\t\t\t\t\t\t\t\t\t\t\t<a href=\"\" class=\"elementor-toggle-title\">Czy mog\u0119 otrzyma\u0107 faktur\u0119? <\/a>\n\t\t\t\t\t<\/div>\n\n\t\t\t\t\t<div id=\"elementor-tab-content-1283\" class=\"elementor-tab-content elementor-clearfix\" data-tab=\"3\" role=\"tabpanel\" aria-labelledby=\"elementor-tab-title-1283\"><p>Oczywi\u015bcie. Firma GT Leatherwork jest dzia\u0142alno\u015bci\u0105 zarejestrowan\u0105 w Polsce.<\/p><\/div>\n\t\t\t\t<\/div>\n\t\t\t\t\t\t\t<div class=\"elementor-toggle-item\">\n\t\t\t\t\t<div id=\"elementor-tab-title-1284\" class=\"elementor-tab-title\" data-tab=\"4\" role=\"tab\" aria-controls=\"elementor-tab-content-1284\" aria-expanded=\"false\">\n\t\t\t\t\t\t\t\t\t\t\t\t<span class=\"elementor-toggle-icon elementor-toggle-icon-right\" aria-hidden=\"true\">\n\t\t\t\t\t\t\t\t\t\t\t\t\t\t\t<span class=\"elementor-toggle-icon-closed\"><i class=\"fas fa-caret-right\"><\/i><\/span>\n\t\t\t\t\t\t\t\t<span class=\"elementor-toggle-icon-opened\"><i class=\"elementor-toggle-icon-opened fas fa-caret-up\"><\/i><\/span>\n\t\t\t\t\t\t\t\t\t\t\t\t\t<\/span>\n\t\t\t\t\t\t\t\t\t\t\t\t<a href=\"\" class=\"elementor-toggle-title\">chcia\u0142bym kupi\u0107 pas na prezent!<\/a>\n\t\t\t\t\t<\/div>\n\n\t\t\t\t\t<div id=\"elementor-tab-content-1284\" class=\"elementor-tab-content elementor-clearfix\" data-tab=\"4\" role=\"tabpanel\" aria-labelledby=\"elementor-tab-title-1284\"><p>\u015awietnie! Wystarczy, \u017ce spiszemy zam\u00f3wienie, a Ty je op\u0142acisz. Tyle! O nic wi\u0119cej nie musisz si\u0119 martwi\u0107. Ka\u017cda paczka jest przygotowywana r\u00f3wnie starannie, jak pasy. Pas b\u0119dzie zapakowany w stosowne pude\u0142ko kartonowe wype\u0142nione &#8222;wyj\u0105tkowo\u015bci\u0105&#8221;.&nbsp;<\/p><p><br><\/p><p>Istnieje r\u00f3wnie\u017c mo\u017cliwo\u015b\u0107 przygotowania indywidualnego Vouchera dla bliskiej Ci osoby. Ty op\u0142acasz koszt, na jaki wyceniony jest pas, ewentualne modyfikacje i personalizacja, a Tw\u00f3j wybranek\/wybranka ustala ze mn\u0105 wszystkie szczeg\u00f3\u0142y osobi\u015bcie.&nbsp;<\/p><\/div>\n\t\t\t\t<\/div>\n\t\t\t\t\t\t\t<div class=\"elementor-toggle-item\">\n\t\t\t\t\t<div id=\"elementor-tab-title-1285\" class=\"elementor-tab-title\" data-tab=\"5\" role=\"tab\" aria-controls=\"elementor-tab-content-1285\" aria-expanded=\"false\">\n\t\t\t\t\t\t\t\t\t\t\t\t<span class=\"elementor-toggle-icon elementor-toggle-icon-right\" aria-hidden=\"true\">\n\t\t\t\t\t\t\t\t\t\t\t\t\t\t\t<span class=\"elementor-toggle-icon-closed\"><i class=\"fas fa-caret-right\"><\/i><\/span>\n\t\t\t\t\t\t\t\t<span class=\"elementor-toggle-icon-opened\"><i class=\"elementor-toggle-icon-opened fas fa-caret-up\"><\/i><\/span>\n\t\t\t\t\t\t\t\t\t\t\t\t\t<\/span>\n\t\t\t\t\t\t\t\t\t\t\t\t<a href=\"\" class=\"elementor-toggle-title\">Czy tworzysz tylko pasy? <\/a>\n\t\t\t\t\t<\/div>\n\n\t\t\t\t\t<div id=\"elementor-tab-content-1285\" class=\"elementor-tab-content elementor-clearfix\" data-tab=\"5\" role=\"tabpanel\" aria-labelledby=\"elementor-tab-title-1285\"><p>Absolutnie nie! Zajrzyj na moj\u0105 stron\u0119 Facebook <a href=\"https:\/\/www.facebook.com\/GTLeatherwork\">GT LEATHERWORK<\/a>. Jestem &#8222;sk\u00f3rorobem&#8221; na pe\u0142en etat \ud83d\ude42\u00a0<\/p><\/div>\n\t\t\t\t<\/div>\n\t\t\t\t\t\t\t\t<\/div>\n\t\t\t\t<\/div>\n\t\t\t\t<\/div>\n\t\t\t\t\t<\/div>\n\t\t<\/div>\n\t\t\t\t\t\t\t<\/div>\n\t\t<\/section>\n\t\t\t\t\t\t<\/div>\n\t\t\t\t\t<\/div>\n\t\t","protected":false},"excerpt":{"rendered":"<p>Tw\u00f3j wyj\u0105tkowy pas&#8230; Personalizowane, r\u0119cznie przygotowywane pasy florystyczne i pasy narz\u0119dziowe Witaj! Je\u015bli poszukujesz pasa narz\u0119dziowego, kt\u00f3ry pozwoli Ci cieszy\u0107 si\u0119 Twoj\u0105 prac\u0105 i pasj\u0105 jeszcze bardziej ni\u017c dotychczas, to nie mog\u0142e\u015b trafi\u0107 lepiej! JAKO\u015a\u0106 To g\u0142\u00f3wna cecha, kt\u00f3ra wyr\u00f3\u017cnia pasy mojej produkcji.\u00a0 S\u0105 one produkowane wy\u0142\u0105cznie z najlepszej jako\u015bci, selekcjonowanej sk\u00f3ry naturalnej garbowanej ro\u015blinnie.\u00a0 Nie daj si\u0119 nabra\u0107 na &#8222;szmaciane&#8221; pasy!\u00a0 uNIKATOWO\u015a\u0106 Ka\u017cdy pas jest przygotowywany r\u0119cznie, wed\u0142ug Twoich wytycznych.\u00a0 Ka\u017cdy element jest wycinany ze sk\u00f3rzanych b\u0142am\u00f3w r\u0119cznie, jest r\u0119cznie barwiony, r\u0119cznie przygotowywany, a na koniec szyty&#8230; R\u00f3wnie\u017c r\u0119cznie. Ka\u017cdy pas jest ca\u0142kowicie unikatowy.\u00a0 A je\u015bli doliczy\u0107 do tego opcje personalizacji wizualnej&#8230; TRWA\u0141O\u015a\u0106 Sk\u00f3ra bydl\u0119ca garbowana ro\u015blinnie to jeden z najtrwalszych materia\u0142\u00f3w jakie otrzymali\u015bmy od natury.\u00a0 Pas, kt\u00f3ry stanie si\u0119 Twoim najlepszym przyjacielem w pracy, pos\u0142u\u017cy Ci przez d\u0142ugie lata. Raz, a porz\u0105dnie! Nie zwlekaj! Skontaktuj si\u0119 ze mn\u0105 ju\u017c dzi\u015b! Z najwi\u0119ksz\u0105 przyjemno\u015bci\u0105 przygotuj\u0119 pas specjalnie dla Ciebie&hellip;<\/p>\n<p> <a class=\"more-link\" href=\"https:\/\/pasflorystyczny.pl\/\">Czytaj dalej<\/a><\/p>\n","protected":false},"author":1,"featured_media":0,"parent":0,"menu_order":0,"comment_status":"closed","ping_status":"closed","template":"","meta":{"footnotes":""},"class_list":["post-709","page","type-page","status-publish"],"_links":{"self":[{"href":"https:\/\/pasflorystyczny.pl\/index.php\/wp-json\/wp\/v2\/pages\/709","targetHints":{"allow":["GET"]}}],"collection":[{"href":"https:\/\/pasflorystyczny.pl\/index.php\/wp-json\/wp\/v2\/pages"}],"about":[{"href":"https:\/\/pasflorystyczny.pl\/index.php\/wp-json\/wp\/v2\/types\/page"}],"author":[{"embeddable":true,"href":"https:\/\/pasflorystyczny.pl\/index.php\/wp-json\/wp\/v2\/users\/1"}],"replies":[{"embeddable":true,"href":"https:\/\/pasflorystyczny.pl\/index.php\/wp-json\/wp\/v2\/comments?post=709"}],"version-history":[{"count":34,"href":"https:\/\/pasflorystyczny.pl\/index.php\/wp-json\/wp\/v2\/pages\/709\/revisions"}],"predecessor-version":[{"id":836,"href":"https:\/\/pasflorystyczny.pl\/index.php\/wp-json\/wp\/v2\/pages\/709\/revisions\/836"}],"wp:attachment":[{"href":"https:\/\/pasflorystyczny.pl\/index.php\/wp-json\/wp\/v2\/media?parent=709"}],"curies":[{"name":"wp","href":"https:\/\/api.w.org\/{rel}","templated":true}]}}